{"id":15494,"date":"2026-01-27T11:27:46","date_gmt":"2026-01-27T11:27:46","guid":{"rendered":"https:\/\/www.univers-deal.ma\/?post_type=product&#038;p=15494"},"modified":"2026-01-27T14:36:00","modified_gmt":"2026-01-27T14:36:00","slug":"ordinateur-tout-en-un-hp-aio-24-cr0003nk-2","status":"publish","type":"product","link":"https:\/\/www.univers-deal.ma\/?product=ordinateur-tout-en-un-hp-aio-24-cr0003nk-2","title":{"rendered":"Ordinateur tout-en-un HP AIO 24-cr0003nk"},"content":{"rendered":"","protected":false},"excerpt":{"rendered":"<p>Intel\u00ae Core&#x2122; i3-N300 (jusqu\u2019\u00e0 3,8 GHz avec la technologie Intel\u00ae Turbo Boost, 6 Mo de m\u00e9moire cache L3, 8 c\u0153urs, 8 threads)<br \/>\nRAM: 8 Go de m\u00e9moire RAM DDR4-3200 MHz (1 x 8 Go)<br \/>\nDisque dur: Disque SSD PCIe\u00ae NVMe&#x2122; M.2 512 Go<br \/>\n\u00c9cran: Tactile Full HD de 60,5 cm (23,8 pouces) (1920 x 1080), IPS, micro-bords sur trois c\u00f4t\u00e9s, antireflet, 300 nits, 99 % sRGB<br \/>\nCarte graphique: Int\u00e9gr\u00e9, Carte graphique Intel\u00ae UHD<br \/>\nWindows 11 \u00c9dition Familiale unilingue \u00c9tat: Produit neuf dans son emballage d\u2019origine<br \/>\nGarantie : 1 an<\/p>\n","protected":false},"featured_media":15506,"comment_status":"open","ping_status":"closed","template":"","meta":{"_acf_changed":false},"product_brand":[246],"product_cat":[249],"product_tag":[],"class_list":{"0":"post-15494","1":"product","2":"type-product","3":"status-publish","4":"has-post-thumbnail","6":"product_brand-hp","7":"product_cat-univers-informatique","9":"first","10":"instock","11":"shipping-taxable","12":"purchasable","13":"product-type-simple"},"acf":[],"_links":{"self":[{"href":"https:\/\/www.univers-deal.ma\/index.php?rest_route=\/wp\/v2\/product\/15494","targetHints":{"allow":["GET"]}}],"collection":[{"href":"https:\/\/www.univers-deal.ma\/index.php?rest_route=\/wp\/v2\/product"}],"about":[{"href":"https:\/\/www.univers-deal.ma\/index.php?rest_route=\/wp\/v2\/types\/product"}],"replies":[{"embeddable":true,"href":"https:\/\/www.univers-deal.ma\/index.php?rest_route=%2Fwp%2Fv2%2Fcomments&post=15494"}],"wp:featuredmedia":[{"embeddable":true,"href":"https:\/\/www.univers-deal.ma\/index.php?rest_route=\/wp\/v2\/media\/15506"}],"wp:attachment":[{"href":"https:\/\/www.univers-deal.ma\/index.php?rest_route=%2Fwp%2Fv2%2Fmedia&parent=15494"}],"wp:term":[{"taxonomy":"product_brand","embeddable":true,"href":"https:\/\/www.univers-deal.ma\/index.php?rest_route=%2Fwp%2Fv2%2Fproduct_brand&post=15494"},{"taxonomy":"product_cat","embeddable":true,"href":"https:\/\/www.univers-deal.ma\/index.php?rest_route=%2Fwp%2Fv2%2Fproduct_cat&post=15494"},{"taxonomy":"product_tag","embeddable":true,"href":"https:\/\/www.univers-deal.ma\/index.php?rest_route=%2Fwp%2Fv2%2Fproduct_tag&post=15494"}],"curies":[{"name":"wp","href":"https:\/\/api.w.org\/{rel}","templated":true}]}}