{"id":15591,"date":"2026-01-29T23:28:06","date_gmt":"2026-01-29T23:28:06","guid":{"rendered":"https:\/\/www.univers-deal.ma\/?post_type=product&#038;p=15591"},"modified":"2026-01-31T14:59:12","modified_gmt":"2026-01-31T14:59:12","slug":"ordinateur-portable-hp-250-g9-85a36ea","status":"publish","type":"product","link":"https:\/\/www.univers-deal.ma\/?product=ordinateur-portable-hp-250-g9-85a36ea","title":{"rendered":"Ordinateur portable HP 250 G9 (85A36EA)"},"content":{"rendered":"","protected":false},"excerpt":{"rendered":"<p>Intel\u00ae Core&#x2122; i3-1215U (jusqu\u2019\u00e0 4,4 GHz avec la technologie Intel\u00ae Turbo Boost, m\u00e9moire cache L3 10 Mo, 6 c\u0153urs, 8 threads)<br \/>\nRAM: 4 Go de m\u00e9moire RAM DDR4-3200 MHz (1 x 4 Go)<br \/>\nDisque dur: SSD NVMe&#x2122; PCIe\u00ae 256 Go<br \/>\n\u00c9cran: HD de 39,6 cm (15,6 pouces) de diagonale (1366 x 768), micro-bords, anti-reflet, 250 nits, 45 % NTSC<br \/>\nCarte graphique: Intel\u00ae Iris\u00ae X\u1d49<br \/>\nFreeDOS (Sans Windows)<br \/>\nClavier: Grande taille avec pav\u00e9 num\u00e9rique, Fran\u00e7ais (AZERTY)<br \/>\nPoids: \u00c0 partir de 1,74 kg<\/p>\n<p>\u00c9tat: Produit neuf dans son emballage d\u2019origine<br \/>\nGarantie : 1 an<\/p>\n","protected":false},"featured_media":15632,"comment_status":"open","ping_status":"closed","template":"","meta":{"_acf_changed":false},"product_brand":[246],"product_cat":[250,299,249],"product_tag":[],"class_list":{"0":"post-15591","1":"product","2":"type-product","3":"status-publish","4":"has-post-thumbnail","6":"product_brand-hp","7":"product_cat-ordinateur-portable","8":"product_cat-pc-portable-professionnels","9":"product_cat-univers-informatique","11":"first","12":"instock","13":"shipping-taxable","14":"purchasable","15":"product-type-simple"},"acf":[],"_links":{"self":[{"href":"https:\/\/www.univers-deal.ma\/index.php?rest_route=\/wp\/v2\/product\/15591","targetHints":{"allow":["GET"]}}],"collection":[{"href":"https:\/\/www.univers-deal.ma\/index.php?rest_route=\/wp\/v2\/product"}],"about":[{"href":"https:\/\/www.univers-deal.ma\/index.php?rest_route=\/wp\/v2\/types\/product"}],"replies":[{"embeddable":true,"href":"https:\/\/www.univers-deal.ma\/index.php?rest_route=%2Fwp%2Fv2%2Fcomments&post=15591"}],"wp:featuredmedia":[{"embeddable":true,"href":"https:\/\/www.univers-deal.ma\/index.php?rest_route=\/wp\/v2\/media\/15632"}],"wp:attachment":[{"href":"https:\/\/www.univers-deal.ma\/index.php?rest_route=%2Fwp%2Fv2%2Fmedia&parent=15591"}],"wp:term":[{"taxonomy":"product_brand","embeddable":true,"href":"https:\/\/www.univers-deal.ma\/index.php?rest_route=%2Fwp%2Fv2%2Fproduct_brand&post=15591"},{"taxonomy":"product_cat","embeddable":true,"href":"https:\/\/www.univers-deal.ma\/index.php?rest_route=%2Fwp%2Fv2%2Fproduct_cat&post=15591"},{"taxonomy":"product_tag","embeddable":true,"href":"https:\/\/www.univers-deal.ma\/index.php?rest_route=%2Fwp%2Fv2%2Fproduct_tag&post=15591"}],"curies":[{"name":"wp","href":"https:\/\/api.w.org\/{rel}","templated":true}]}}