{"id":15598,"date":"2026-01-30T21:58:15","date_gmt":"2026-01-30T21:58:15","guid":{"rendered":"https:\/\/www.univers-deal.ma\/?post_type=product&#038;p=15598"},"modified":"2026-01-30T22:21:35","modified_gmt":"2026-01-30T22:21:35","slug":"ordinateur-portable-hp-elitebook-860-g11-a36zyet","status":"publish","type":"product","link":"https:\/\/www.univers-deal.ma\/?product=ordinateur-portable-hp-elitebook-860-g11-a36zyet","title":{"rendered":"Ordinateur portable HP EliteBook 860 G11 (A36ZYET)"},"content":{"rendered":"","protected":false},"excerpt":{"rendered":"<p>Intel\u00ae Core&#x2122; Ultra 5 135U (jusqu\u2019\u00e0 4,4 GHz avec la technologie Intel\u00ae Turbo Boost, 12 Mo de m\u00e9moire cache L3, 10 c\u0153urs, 14 threads)<br \/>\nRAM: 8 Go de m\u00e9moire DDR5-5600 MT\/s (1 x 8 Go) Taux de transfert pouvant atteindre 5600 MT\/s.<br \/>\nDisque dur: SSD PCIe\u00ae NVMe&#x2122; M.2 256 Go<br \/>\n\u00c9cran: 16&#8243; diagonal, WUXGA (1920 x 1200), IPS, anti-glare, 300 nits, 45% NTSC [15,16,17,18,19]<br \/>\nCarte graphique: Graphique Intel\u00ae<br \/>\nWindows 11 Professionnel<br \/>\nClavier: HP Premium \u2013 avec pav\u00e9 num\u00e9rique, r\u00e9tro\u00e9clair\u00e9, \u00e9tanche, Fran\u00e7ais (AZERTY)<br \/>\nPoids: \u00c0 partir de 1,72 kg \u00c9tat: Produit neuf dans son emballage d\u2019origine<br \/>\nGarantie : 3 ans<\/p>\n","protected":false},"featured_media":15608,"comment_status":"open","ping_status":"closed","template":"","meta":{"_acf_changed":false},"product_brand":[246],"product_cat":[250,299,249],"product_tag":[],"class_list":{"0":"post-15598","1":"product","2":"type-product","3":"status-publish","4":"has-post-thumbnail","6":"product_brand-hp","7":"product_cat-ordinateur-portable","8":"product_cat-pc-portable-professionnels","9":"product_cat-univers-informatique","11":"first","12":"instock","13":"shipping-taxable","14":"purchasable","15":"product-type-simple"},"acf":[],"_links":{"self":[{"href":"https:\/\/www.univers-deal.ma\/index.php?rest_route=\/wp\/v2\/product\/15598","targetHints":{"allow":["GET"]}}],"collection":[{"href":"https:\/\/www.univers-deal.ma\/index.php?rest_route=\/wp\/v2\/product"}],"about":[{"href":"https:\/\/www.univers-deal.ma\/index.php?rest_route=\/wp\/v2\/types\/product"}],"replies":[{"embeddable":true,"href":"https:\/\/www.univers-deal.ma\/index.php?rest_route=%2Fwp%2Fv2%2Fcomments&post=15598"}],"wp:featuredmedia":[{"embeddable":true,"href":"https:\/\/www.univers-deal.ma\/index.php?rest_route=\/wp\/v2\/media\/15608"}],"wp:attachment":[{"href":"https:\/\/www.univers-deal.ma\/index.php?rest_route=%2Fwp%2Fv2%2Fmedia&parent=15598"}],"wp:term":[{"taxonomy":"product_brand","embeddable":true,"href":"https:\/\/www.univers-deal.ma\/index.php?rest_route=%2Fwp%2Fv2%2Fproduct_brand&post=15598"},{"taxonomy":"product_cat","embeddable":true,"href":"https:\/\/www.univers-deal.ma\/index.php?rest_route=%2Fwp%2Fv2%2Fproduct_cat&post=15598"},{"taxonomy":"product_tag","embeddable":true,"href":"https:\/\/www.univers-deal.ma\/index.php?rest_route=%2Fwp%2Fv2%2Fproduct_tag&post=15598"}],"curies":[{"name":"wp","href":"https:\/\/api.w.org\/{rel}","templated":true}]}}