{"id":15617,"date":"2026-01-31T14:20:22","date_gmt":"2026-01-31T14:20:22","guid":{"rendered":"https:\/\/www.univers-deal.ma\/?post_type=product&#038;p=15617"},"modified":"2026-01-31T14:23:56","modified_gmt":"2026-01-31T14:23:56","slug":"ordinateur-portable-hp-probook-460-g11","status":"publish","type":"product","link":"https:\/\/www.univers-deal.ma\/?product=ordinateur-portable-hp-probook-460-g11","title":{"rendered":"Ordinateur portable HP\u00a0ProBook 460\u00a0G11  (A38F6ET)"},"content":{"rendered":"","protected":false},"excerpt":{"rendered":"<p>Intel\u00ae Core&#x2122; Ultra 5 125H (jusqu\u2019\u00e0 4,5 GHz avec la technologie Intel\u00ae Turbo Boost, 18 Mo de m\u00e9moire cache L3, 14 c\u0153urs, 18 threads)<br \/>\nRAM: 8 Go de m\u00e9moire DDR5-5600 MT\/s (1 x 8 Go)<br \/>\nDisque dur: SSD NVMe&#x2122; PCIe\u00ae 512 Go<br \/>\n\u00c9cran: WUXGA de 40,6 cm (16 pouces) (1920 x 1200), IPS, antireflet, 300 nits, 45 % NTSC<br \/>\nCarte graphique: Intel\u00ae Arc&#x2122;<br \/>\nWindows 11 Professionnel<br \/>\nClavier: HP Premium \u2013 avec pav\u00e9 num\u00e9rique, r\u00e9tro\u00e9clair\u00e9, \u00e9tanche, Fran\u00e7ais (AZERTY)<br \/>\nPoids: \u00c0 partir de 1,74 kg<\/p>\n<p>\u00c9tat: Produit neuf dans son emballage d\u2019origine<br \/>\nGarantie : 2 ans<\/p>\n","protected":false},"featured_media":15618,"comment_status":"open","ping_status":"closed","template":"","meta":{"_acf_changed":false},"product_brand":[246],"product_cat":[250,299,249],"product_tag":[],"class_list":{"0":"post-15617","1":"product","2":"type-product","3":"status-publish","4":"has-post-thumbnail","6":"product_brand-hp","7":"product_cat-ordinateur-portable","8":"product_cat-pc-portable-professionnels","9":"product_cat-univers-informatique","11":"first","12":"instock","13":"shipping-taxable","14":"purchasable","15":"product-type-simple"},"acf":[],"_links":{"self":[{"href":"https:\/\/www.univers-deal.ma\/index.php?rest_route=\/wp\/v2\/product\/15617","targetHints":{"allow":["GET"]}}],"collection":[{"href":"https:\/\/www.univers-deal.ma\/index.php?rest_route=\/wp\/v2\/product"}],"about":[{"href":"https:\/\/www.univers-deal.ma\/index.php?rest_route=\/wp\/v2\/types\/product"}],"replies":[{"embeddable":true,"href":"https:\/\/www.univers-deal.ma\/index.php?rest_route=%2Fwp%2Fv2%2Fcomments&post=15617"}],"wp:featuredmedia":[{"embeddable":true,"href":"https:\/\/www.univers-deal.ma\/index.php?rest_route=\/wp\/v2\/media\/15618"}],"wp:attachment":[{"href":"https:\/\/www.univers-deal.ma\/index.php?rest_route=%2Fwp%2Fv2%2Fmedia&parent=15617"}],"wp:term":[{"taxonomy":"product_brand","embeddable":true,"href":"https:\/\/www.univers-deal.ma\/index.php?rest_route=%2Fwp%2Fv2%2Fproduct_brand&post=15617"},{"taxonomy":"product_cat","embeddable":true,"href":"https:\/\/www.univers-deal.ma\/index.php?rest_route=%2Fwp%2Fv2%2Fproduct_cat&post=15617"},{"taxonomy":"product_tag","embeddable":true,"href":"https:\/\/www.univers-deal.ma\/index.php?rest_route=%2Fwp%2Fv2%2Fproduct_tag&post=15617"}],"curies":[{"name":"wp","href":"https:\/\/api.w.org\/{rel}","templated":true}]}}