{"id":15912,"date":"2026-02-03T16:08:15","date_gmt":"2026-02-03T16:08:15","guid":{"rendered":"https:\/\/www.univers-deal.ma\/?post_type=product&#038;p=15912"},"modified":"2026-02-03T16:08:15","modified_gmt":"2026-02-03T16:08:15","slug":"creme-regenerante-a-la-grenade-nutrition-jeunesse","status":"publish","type":"product","link":"https:\/\/www.univers-deal.ma\/?product=creme-regenerante-a-la-grenade-nutrition-jeunesse","title":{"rendered":"Cr\u00e8me R\u00e9g\u00e9n\u00e9rante \u00e0 la Grenade \u2013 Nutrition &#038; Jeunesse"},"content":{"rendered":"","protected":false},"excerpt":{"rendered":"<div class=\"space-y-1\">\n<p class=\"text-sm\">Une cr\u00e8me riche et nourrissante qui apporte hydratation profonde et protection durable. Sa formule au extrait de grenade aide \u00e0 : nourrir la peau en profondeur r\u00e9duire les signes de l\u2019\u00e2ge illuminer et unifier le teint am\u00e9liorer la texture et la douceur La cr\u00e8me id\u00e9ale pour sceller l\u2019hydratation et offrir \u00e0 la peau un aspect \u00e9clatant et rajeuni tout au long de la journ\u00e9e.&#8221;<\/p>\n<\/div>\n","protected":false},"featured_media":15914,"comment_status":"open","ping_status":"closed","template":"","meta":{"_acf_changed":false},"product_brand":[436],"product_cat":[393,392,262],"product_tag":[],"class_list":{"0":"post-15912","1":"product","2":"type-product","3":"status-publish","4":"has-post-thumbnail","6":"product_brand-disaar","7":"product_cat-soins-visage","8":"product_cat-soins-visage-corps","9":"product_cat-univers-cosmetique-makeup","11":"first","12":"instock","13":"shipping-taxable","14":"purchasable","15":"product-type-simple"},"acf":[],"_links":{"self":[{"href":"https:\/\/www.univers-deal.ma\/index.php?rest_route=\/wp\/v2\/product\/15912","targetHints":{"allow":["GET"]}}],"collection":[{"href":"https:\/\/www.univers-deal.ma\/index.php?rest_route=\/wp\/v2\/product"}],"about":[{"href":"https:\/\/www.univers-deal.ma\/index.php?rest_route=\/wp\/v2\/types\/product"}],"replies":[{"embeddable":true,"href":"https:\/\/www.univers-deal.ma\/index.php?rest_route=%2Fwp%2Fv2%2Fcomments&post=15912"}],"wp:featuredmedia":[{"embeddable":true,"href":"https:\/\/www.univers-deal.ma\/index.php?rest_route=\/wp\/v2\/media\/15914"}],"wp:attachment":[{"href":"https:\/\/www.univers-deal.ma\/index.php?rest_route=%2Fwp%2Fv2%2Fmedia&parent=15912"}],"wp:term":[{"taxonomy":"product_brand","embeddable":true,"href":"https:\/\/www.univers-deal.ma\/index.php?rest_route=%2Fwp%2Fv2%2Fproduct_brand&post=15912"},{"taxonomy":"product_cat","embeddable":true,"href":"https:\/\/www.univers-deal.ma\/index.php?rest_route=%2Fwp%2Fv2%2Fproduct_cat&post=15912"},{"taxonomy":"product_tag","embeddable":true,"href":"https:\/\/www.univers-deal.ma\/index.php?rest_route=%2Fwp%2Fv2%2Fproduct_tag&post=15912"}],"curies":[{"name":"wp","href":"https:\/\/api.w.org\/{rel}","templated":true}]}}