{"id":16264,"date":"2026-03-04T15:32:32","date_gmt":"2026-03-04T15:32:32","guid":{"rendered":"https:\/\/www.univers-deal.ma\/?post_type=product&#038;p=16264"},"modified":"2026-03-04T15:32:33","modified_gmt":"2026-03-04T15:32:33","slug":"bureau-horse-direction","status":"publish","type":"product","link":"https:\/\/www.univers-deal.ma\/?product=bureau-horse-direction","title":{"rendered":"Bureau Horse Direction"},"content":{"rendered":"","protected":false},"excerpt":{"rendered":"<ul>\n<li data-start=\"180\" data-end=\"285\">Bureau direction haut de gamme avec\u00a0<strong data-start=\"216\" data-end=\"234\">pi\u00e9tement en X<\/strong>, armoire LED et syst\u00e8me de\u00a0<strong data-start=\"262\" data-end=\"282\">prises int\u00e9gr\u00e9es<\/strong>.<\/li>\n<li data-start=\"288\" data-end=\"371\">Ensemble complet : bureau, retour, table basse, caisson mobile et bahut 4 portes.<\/li>\n<li data-start=\"374\" data-end=\"471\">Finitions premium associant\u00a0<strong data-start=\"402\" data-end=\"434\">bois, m\u00e9tal et \u00e9clairage LED<\/strong> pour un look moderne et prestigieux.<\/li>\n<li>Bureau: L 220 x P 90 x H 75 cm<\/li>\n<li>Retour Dim: L 1000 x P 50 x H 75 cm<\/li>\n<li>Table basse Dim: L 1000 x P 600<\/li>\n<li>Caisson: Mobile \u00e0 3 Tiroirs fermeture centralis\u00e9e \u00e0 cl\u00e9<\/li>\n<li>Bahut: \u00e0 4 portes Dim. 2200 x P 500 x H 900\n<div dir=\"auto\">Demandez votre devis personnalis\u00e9 d\u00e8s maintenant !<\/div>\n<div dir=\"auto\">Contactez-nous au\u00a0<img decoding=\"async\" class=\"an1\" draggable=\"false\" src=\"https:\/\/fonts.gstatic.com\/s\/e\/notoemoji\/17.0\/1f4de\/32.png\" alt=\"&#x1f4de;\" data-emoji=\"&#x1f4de;\" aria-label=\"&#x1f4de;\" \/>\u00a006 65 65 45 68 pour une offre adapt\u00e9e \u00e0 vos besoins.<\/div>\n<\/li>\n<\/ul>\n","protected":false},"featured_media":16265,"comment_status":"open","ping_status":"closed","template":"","meta":{"_acf_changed":false},"product_brand":[],"product_cat":[315,316,258],"product_tag":[],"class_list":{"0":"post-16264","1":"product","2":"type-product","3":"status-publish","4":"has-post-thumbnail","6":"product_cat-bureau-direction","7":"product_cat-mobilier-de-bureau","8":"product_cat-univers-de-materiel-et-mobilier-de-bureau","10":"first","11":"instock","12":"shipping-taxable","13":"product-type-simple"},"acf":[],"_links":{"self":[{"href":"https:\/\/www.univers-deal.ma\/index.php?rest_route=\/wp\/v2\/product\/16264","targetHints":{"allow":["GET"]}}],"collection":[{"href":"https:\/\/www.univers-deal.ma\/index.php?rest_route=\/wp\/v2\/product"}],"about":[{"href":"https:\/\/www.univers-deal.ma\/index.php?rest_route=\/wp\/v2\/types\/product"}],"replies":[{"embeddable":true,"href":"https:\/\/www.univers-deal.ma\/index.php?rest_route=%2Fwp%2Fv2%2Fcomments&post=16264"}],"wp:featuredmedia":[{"embeddable":true,"href":"https:\/\/www.univers-deal.ma\/index.php?rest_route=\/wp\/v2\/media\/16265"}],"wp:attachment":[{"href":"https:\/\/www.univers-deal.ma\/index.php?rest_route=%2Fwp%2Fv2%2Fmedia&parent=16264"}],"wp:term":[{"taxonomy":"product_brand","embeddable":true,"href":"https:\/\/www.univers-deal.ma\/index.php?rest_route=%2Fwp%2Fv2%2Fproduct_brand&post=16264"},{"taxonomy":"product_cat","embeddable":true,"href":"https:\/\/www.univers-deal.ma\/index.php?rest_route=%2Fwp%2Fv2%2Fproduct_cat&post=16264"},{"taxonomy":"product_tag","embeddable":true,"href":"https:\/\/www.univers-deal.ma\/index.php?rest_route=%2Fwp%2Fv2%2Fproduct_tag&post=16264"}],"curies":[{"name":"wp","href":"https:\/\/api.w.org\/{rel}","templated":true}]}}