{"id":16266,"date":"2026-03-04T15:42:12","date_gmt":"2026-03-04T15:42:12","guid":{"rendered":"https:\/\/www.univers-deal.ma\/?post_type=product&#038;p=16266"},"modified":"2026-03-04T15:42:12","modified_gmt":"2026-03-04T15:42:12","slug":"bureau-prestige-vip","status":"publish","type":"product","link":"https:\/\/www.univers-deal.ma\/?product=bureau-prestige-vip","title":{"rendered":"Bureau Prestige VIP"},"content":{"rendered":"","protected":false},"excerpt":{"rendered":"<ul>\n<li data-start=\"146\" data-end=\"294\">Bureau de direction moderne avec\u00a0<strong data-start=\"179\" data-end=\"211\">plateau combinant MDF + bois<\/strong>, \u00e9quip\u00e9 d\u2019un\u00a0<strong data-start=\"225\" data-end=\"265\">bo\u00eetier r\u00e9seau et courant \u00e9lectrique<\/strong>\u00a0avec sous-main d\u00e9tachable.<\/li>\n<li data-start=\"297\" data-end=\"392\">Retour int\u00e9gr\u00e9 comprenant\u00a0<strong data-start=\"323\" data-end=\"363\">2 tiroirs \u00e0 cl\u00e9 + 3 portes battantes<\/strong>\u00a0pour un rangement optimal.<\/li>\n<li data-start=\"395\" data-end=\"457\">Ensemble complet avec\u00a0<strong data-start=\"417\" data-end=\"432\">table basse<\/strong> en bois \u00e9paisseur 48 mm.\u00a0 \u00a0 \u00a0 \u00a0 \u00a0 \u00a0 \u00a0 \u00a0 \u00a0 \u00a0 \u00a0 \u00a0 \u00a0 \u00a0 \u00a0 \u00a0 \u00a0 \u00a0 \u00a0 \u00a0 \u00a0 \u00a0 \u00a0 \u00a0 \u00a0 \u00a0 \u00a0 \u00a0 \u00a0 \u00a0 \u00a0 \u00a0 \u00a0 \u00a0 \u00a0 \u00a0 \u00a0 \u00a0 \u00a0 \u00a0 \u00a0 \u00a0 \u00a0 \u00a0 \u00a0 \u00a0 \u00a0 \u00a0 \u00a0 \u00a0 \u00a0 \u00a0 \u00a0 \u00a0 \u00a0 \u00a0 \u00a0 \u00a0 \u00a0 \u00a0 \u00a0 \u00a0 \u00a0 \u00a0 \u00a0 \u00a0 \u00a0 \u00a0 \u00a0 \u00a0 \u00a0 \u00a0 \u00a0 \u00a0 \u00a0 \u00a0 \u00a0 \u00a0 \u00a0 \u00a0 \u00a0 \u00a0 \u00a0 \u00a0 \u00a0 \u00a0 \u00a0 \u00a0 \u00a0 \u00a0 \u00a0 \u00a0 \u00a0 \u00a0 \u00a0 \u00a0 \u00a0 \u00a0 \u00a0 \u00a0 \u00a0 \u00a0 \u00a0 \u00a0 \u00a0 \u00a0 \u00a0 \u00a0 \u00a0 \u00a0 \u00a0 \u00a0 \u00a0 Dimensions :\n<ul>\n<li>L2200 P2000 H750mm.<\/li>\n<li>Table Basse Dim.600\u00d7600 mm<\/li>\n<li>Biblioth\u00e8que compos\u00e9e de 8 portes Battantes et 3 niches Dim.L2050xP450xH1300 mm\n<div dir=\"auto\">Demandez votre devis personnalis\u00e9 d\u00e8s maintenant !<\/div>\n<div dir=\"auto\">Contactez-nous au\u00a0<img decoding=\"async\" class=\"an1\" draggable=\"false\" src=\"https:\/\/fonts.gstatic.com\/s\/e\/notoemoji\/17.0\/1f4de\/32.png\" alt=\"&#x1f4de;\" data-emoji=\"&#x1f4de;\" aria-label=\"&#x1f4de;\" \/>\u00a006 65 65 45 68 pour une offre adapt\u00e9e \u00e0 vos besoins.<\/div>\n<\/li>\n<\/ul>\n<\/li>\n<\/ul>\n","protected":false},"featured_media":16267,"comment_status":"open","ping_status":"closed","template":"","meta":{"_acf_changed":false},"product_brand":[],"product_cat":[315,316,258],"product_tag":[],"class_list":{"0":"post-16266","1":"product","2":"type-product","3":"status-publish","4":"has-post-thumbnail","6":"product_cat-bureau-direction","7":"product_cat-mobilier-de-bureau","8":"product_cat-univers-de-materiel-et-mobilier-de-bureau","10":"first","11":"instock","12":"shipping-taxable","13":"product-type-simple"},"acf":[],"_links":{"self":[{"href":"https:\/\/www.univers-deal.ma\/index.php?rest_route=\/wp\/v2\/product\/16266","targetHints":{"allow":["GET"]}}],"collection":[{"href":"https:\/\/www.univers-deal.ma\/index.php?rest_route=\/wp\/v2\/product"}],"about":[{"href":"https:\/\/www.univers-deal.ma\/index.php?rest_route=\/wp\/v2\/types\/product"}],"replies":[{"embeddable":true,"href":"https:\/\/www.univers-deal.ma\/index.php?rest_route=%2Fwp%2Fv2%2Fcomments&post=16266"}],"wp:featuredmedia":[{"embeddable":true,"href":"https:\/\/www.univers-deal.ma\/index.php?rest_route=\/wp\/v2\/media\/16267"}],"wp:attachment":[{"href":"https:\/\/www.univers-deal.ma\/index.php?rest_route=%2Fwp%2Fv2%2Fmedia&parent=16266"}],"wp:term":[{"taxonomy":"product_brand","embeddable":true,"href":"https:\/\/www.univers-deal.ma\/index.php?rest_route=%2Fwp%2Fv2%2Fproduct_brand&post=16266"},{"taxonomy":"product_cat","embeddable":true,"href":"https:\/\/www.univers-deal.ma\/index.php?rest_route=%2Fwp%2Fv2%2Fproduct_cat&post=16266"},{"taxonomy":"product_tag","embeddable":true,"href":"https:\/\/www.univers-deal.ma\/index.php?rest_route=%2Fwp%2Fv2%2Fproduct_tag&post=16266"}],"curies":[{"name":"wp","href":"https:\/\/api.w.org\/{rel}","templated":true}]}}