{"id":16280,"date":"2026-03-04T16:23:10","date_gmt":"2026-03-04T16:23:10","guid":{"rendered":"https:\/\/www.univers-deal.ma\/?post_type=product&#038;p=16280"},"modified":"2026-03-04T16:23:10","modified_gmt":"2026-03-04T16:23:10","slug":"fauteuil-ice-president","status":"publish","type":"product","link":"https:\/\/www.univers-deal.ma\/?product=fauteuil-ice-president","title":{"rendered":"Fauteuil ice pr\u00e9sident"},"content":{"rendered":"","protected":false},"excerpt":{"rendered":"<ul>\n<li>Fauteuil Dossier Haut avec t\u00eati\u00e8re roulant assise en tissu, dossier en r\u00e9sille structure<\/li>\n<li>5 branches et accoudoirs Fixes<\/li>\n<li>Hauteur Total :1m36<\/li>\n<li>Largeur assise : 48<\/li>\n<li>Hauteur assise : 45-55<\/li>\n<li>Profondeur assise : 48\n<div dir=\"auto\">Demandez votre devis personnalis\u00e9 d\u00e8s maintenant !<\/div>\n<div dir=\"auto\">Contactez-nous au\u00a0<img decoding=\"async\" class=\"an1\" draggable=\"false\" src=\"https:\/\/fonts.gstatic.com\/s\/e\/notoemoji\/17.0\/1f4de\/32.png\" alt=\"&#x1f4de;\" data-emoji=\"&#x1f4de;\" aria-label=\"&#x1f4de;\" \/>\u00a006 65 65 45 68 pour une offre adapt\u00e9e \u00e0 vos besoins.<\/div>\n<\/li>\n<\/ul>\n","protected":false},"featured_media":16287,"comment_status":"open","ping_status":"closed","template":"","meta":{"_acf_changed":false},"product_brand":[],"product_cat":[320,319,258],"product_tag":[],"class_list":{"0":"post-16280","1":"product","2":"type-product","3":"status-publish","4":"has-post-thumbnail","6":"product_cat-fauteuil-direction","7":"product_cat-sieges-et-fauteuils","8":"product_cat-univers-de-materiel-et-mobilier-de-bureau","10":"first","11":"instock","12":"shipping-taxable","13":"product-type-simple"},"acf":[],"_links":{"self":[{"href":"https:\/\/www.univers-deal.ma\/index.php?rest_route=\/wp\/v2\/product\/16280","targetHints":{"allow":["GET"]}}],"collection":[{"href":"https:\/\/www.univers-deal.ma\/index.php?rest_route=\/wp\/v2\/product"}],"about":[{"href":"https:\/\/www.univers-deal.ma\/index.php?rest_route=\/wp\/v2\/types\/product"}],"replies":[{"embeddable":true,"href":"https:\/\/www.univers-deal.ma\/index.php?rest_route=%2Fwp%2Fv2%2Fcomments&post=16280"}],"wp:featuredmedia":[{"embeddable":true,"href":"https:\/\/www.univers-deal.ma\/index.php?rest_route=\/wp\/v2\/media\/16287"}],"wp:attachment":[{"href":"https:\/\/www.univers-deal.ma\/index.php?rest_route=%2Fwp%2Fv2%2Fmedia&parent=16280"}],"wp:term":[{"taxonomy":"product_brand","embeddable":true,"href":"https:\/\/www.univers-deal.ma\/index.php?rest_route=%2Fwp%2Fv2%2Fproduct_brand&post=16280"},{"taxonomy":"product_cat","embeddable":true,"href":"https:\/\/www.univers-deal.ma\/index.php?rest_route=%2Fwp%2Fv2%2Fproduct_cat&post=16280"},{"taxonomy":"product_tag","embeddable":true,"href":"https:\/\/www.univers-deal.ma\/index.php?rest_route=%2Fwp%2Fv2%2Fproduct_tag&post=16280"}],"curies":[{"name":"wp","href":"https:\/\/api.w.org\/{rel}","templated":true}]}}