{"id":16295,"date":"2026-03-05T12:03:43","date_gmt":"2026-03-05T12:03:43","guid":{"rendered":"https:\/\/www.univers-deal.ma\/?post_type=product&#038;p=16295"},"modified":"2026-03-05T12:03:44","modified_gmt":"2026-03-05T12:03:44","slug":"fauteuil-boss-visiteur","status":"publish","type":"product","link":"https:\/\/www.univers-deal.ma\/?product=fauteuil-boss-visiteur","title":{"rendered":"Fauteuil Boss Visiteur"},"content":{"rendered":"","protected":false},"excerpt":{"rendered":"<ul>\n<li data-start=\"148\" data-end=\"203\">\n<p data-start=\"150\" data-end=\"203\">Fauteuil fixe sur pi\u00e8tement luge stable et \u00e9l\u00e9gant.<\/p>\n<\/li>\n<li data-start=\"204\" data-end=\"268\">\n<p data-start=\"206\" data-end=\"268\">Rev\u00eatement en simili cuir r\u00e9sistant pour un confort durable.<\/p>\n<\/li>\n<li data-start=\"269\" data-end=\"333\">\n<p data-start=\"271\" data-end=\"333\">Parfait pour les espaces d\u2019accueil, de r\u00e9union ou d\u2019attente.\u00a0 \u00a0 \u00a0 \u00a0 \u00a0 \u00a0 \u00a0 \u00a0 \u00a0 \u00a0 \u00a0 \u00a0 \u00a0 \u00a0 \u00a0 \u00a0 \u00a0 \u00a0 \u00a0 \u00a0 \u00a0 \u00a0 \u00a0 \u00a0 \u00a0 \u00a0 \u00a0 \u00a0 \u00a0 \u00a0 \u00a0 \u00a0 \u00a0 \u00a0 \u00a0 \u00a0 \u00a0 \u00a0 \u00a0 \u00a0 \u00a0 \u00a0 \u00a0 \u00a0 \u00a0 \u00a0 \u00a0 \u00a0 \u00a0 \u00a0 \u00a0 \u00a0 \u00a0 \u00a0 \u00a0 \u00a0 \u00a0 \u00a0 \u00a0 \u00a0 \u00a0 \u00a0 \u00a0 \u00a0 \u00a0 \u00a0 \u00a0 \u00a0 \u00a0 \u00a0 \u00a0 \u00a0 \u00a0 \u00a0 \u00a0 \u00a0 \u00a0 \u00a0 \u00a0 \u00a0 \u00a0 \u00a0 \u00a0 \u00a0 \u00a0 \u00a0 \u00a0 \u00a0 \u00a0 \u00a0 \u00a0 \u00a0 \u00a0 \u00a0 \u00a0 \u00a0 \u00a0 \u00a0 \u00a0 \u00a0 \u00a0 \u00a0 \u00a0 \u00a0 \u00a0 \u00a0 \u00a0 \u00a0 \u00a0 \u00a0 \u00a0 \u00a0 \u00a0 \u00a0 \u00a0 \u00a0 \u00a0 \u00a0 Dimensions :<\/p>\n<ul>\n<li>Hauteur Total :1m24<\/li>\n<li>Largeur assise : 51<\/li>\n<li>Hauteur assise :39-56<\/li>\n<li>Profondeur assise : 50\n<div dir=\"auto\">Demandez votre devis personnalis\u00e9 d\u00e8s maintenant !<\/div>\n<div dir=\"auto\">Contactez-nous au\u00a0<img decoding=\"async\" class=\"an1\" draggable=\"false\" src=\"https:\/\/fonts.gstatic.com\/s\/e\/notoemoji\/17.0\/1f4de\/32.png\" alt=\"&#x1f4de;\" data-emoji=\"&#x1f4de;\" aria-label=\"&#x1f4de;\" \/>\u00a006 65 65 45 68 pour une offre adapt\u00e9e \u00e0 vos besoins.<\/div>\n<\/li>\n<\/ul>\n<\/li>\n<\/ul>\n","protected":false},"featured_media":16296,"comment_status":"open","ping_status":"closed","template":"","meta":{"_acf_changed":false},"product_brand":[],"product_cat":[322,319,258],"product_tag":[],"class_list":{"0":"post-16295","1":"product","2":"type-product","3":"status-publish","4":"has-post-thumbnail","6":"product_cat-chaises-visiteur","7":"product_cat-sieges-et-fauteuils","8":"product_cat-univers-de-materiel-et-mobilier-de-bureau","10":"first","11":"instock","12":"shipping-taxable","13":"product-type-simple"},"acf":[],"_links":{"self":[{"href":"https:\/\/www.univers-deal.ma\/index.php?rest_route=\/wp\/v2\/product\/16295","targetHints":{"allow":["GET"]}}],"collection":[{"href":"https:\/\/www.univers-deal.ma\/index.php?rest_route=\/wp\/v2\/product"}],"about":[{"href":"https:\/\/www.univers-deal.ma\/index.php?rest_route=\/wp\/v2\/types\/product"}],"replies":[{"embeddable":true,"href":"https:\/\/www.univers-deal.ma\/index.php?rest_route=%2Fwp%2Fv2%2Fcomments&post=16295"}],"wp:featuredmedia":[{"embeddable":true,"href":"https:\/\/www.univers-deal.ma\/index.php?rest_route=\/wp\/v2\/media\/16296"}],"wp:attachment":[{"href":"https:\/\/www.univers-deal.ma\/index.php?rest_route=%2Fwp%2Fv2%2Fmedia&parent=16295"}],"wp:term":[{"taxonomy":"product_brand","embeddable":true,"href":"https:\/\/www.univers-deal.ma\/index.php?rest_route=%2Fwp%2Fv2%2Fproduct_brand&post=16295"},{"taxonomy":"product_cat","embeddable":true,"href":"https:\/\/www.univers-deal.ma\/index.php?rest_route=%2Fwp%2Fv2%2Fproduct_cat&post=16295"},{"taxonomy":"product_tag","embeddable":true,"href":"https:\/\/www.univers-deal.ma\/index.php?rest_route=%2Fwp%2Fv2%2Fproduct_tag&post=16295"}],"curies":[{"name":"wp","href":"https:\/\/api.w.org\/{rel}","templated":true}]}}