{"id":16398,"date":"2026-03-10T15:15:05","date_gmt":"2026-03-10T15:15:05","guid":{"rendered":"https:\/\/www.univers-deal.ma\/?post_type=product&#038;p=16398"},"modified":"2026-03-10T15:15:05","modified_gmt":"2026-03-10T15:15:05","slug":"comptoir-de-reception-merveilleux","status":"publish","type":"product","link":"https:\/\/www.univers-deal.ma\/?product=comptoir-de-reception-merveilleux","title":{"rendered":"Comptoir de R\u00e9ception-Merveilleux"},"content":{"rendered":"","protected":false},"excerpt":{"rendered":"<p>Comptoir d\u2019accueil au design moderne avec finition noire et d\u00e9tails en bois. Id\u00e9al pour bureaux, h\u00f4tels ou espaces professionnels, il offre un style \u00e9l\u00e9gant et professionnel pour accueillir vos clients.<\/p>\n<div dir=\"auto\">Demandez votre devis personnalis\u00e9 d\u00e8s maintenant !<\/div>\n<div dir=\"auto\">Contactez-nous au\u00a0<img decoding=\"async\" class=\"an1\" draggable=\"false\" src=\"https:\/\/fonts.gstatic.com\/s\/e\/notoemoji\/17.0\/1f4de\/32.png\" alt=\"&#x1f4de;\" data-emoji=\"&#x1f4de;\" aria-label=\"&#x1f4de;\" \/>\u00a006 65 65 45 68 pour une offre adapt\u00e9e \u00e0 vos besoins.<\/div>\n","protected":false},"featured_media":16399,"comment_status":"open","ping_status":"closed","template":"","meta":{"_acf_changed":false},"product_brand":[],"product_cat":[324,323,258],"product_tag":[],"class_list":{"0":"post-16398","1":"product","2":"type-product","3":"status-publish","4":"has-post-thumbnail","6":"product_cat-comptoir-de-reception","7":"product_cat-mobilier-daccueil","8":"product_cat-univers-de-materiel-et-mobilier-de-bureau","10":"first","11":"instock","12":"shipping-taxable","13":"product-type-simple"},"acf":[],"_links":{"self":[{"href":"https:\/\/www.univers-deal.ma\/index.php?rest_route=\/wp\/v2\/product\/16398","targetHints":{"allow":["GET"]}}],"collection":[{"href":"https:\/\/www.univers-deal.ma\/index.php?rest_route=\/wp\/v2\/product"}],"about":[{"href":"https:\/\/www.univers-deal.ma\/index.php?rest_route=\/wp\/v2\/types\/product"}],"replies":[{"embeddable":true,"href":"https:\/\/www.univers-deal.ma\/index.php?rest_route=%2Fwp%2Fv2%2Fcomments&post=16398"}],"wp:featuredmedia":[{"embeddable":true,"href":"https:\/\/www.univers-deal.ma\/index.php?rest_route=\/wp\/v2\/media\/16399"}],"wp:attachment":[{"href":"https:\/\/www.univers-deal.ma\/index.php?rest_route=%2Fwp%2Fv2%2Fmedia&parent=16398"}],"wp:term":[{"taxonomy":"product_brand","embeddable":true,"href":"https:\/\/www.univers-deal.ma\/index.php?rest_route=%2Fwp%2Fv2%2Fproduct_brand&post=16398"},{"taxonomy":"product_cat","embeddable":true,"href":"https:\/\/www.univers-deal.ma\/index.php?rest_route=%2Fwp%2Fv2%2Fproduct_cat&post=16398"},{"taxonomy":"product_tag","embeddable":true,"href":"https:\/\/www.univers-deal.ma\/index.php?rest_route=%2Fwp%2Fv2%2Fproduct_tag&post=16398"}],"curies":[{"name":"wp","href":"https:\/\/api.w.org\/{rel}","templated":true}]}}