{"id":16885,"date":"2026-04-14T13:41:50","date_gmt":"2026-04-14T13:41:50","guid":{"rendered":"https:\/\/www.univers-deal.ma\/?post_type=product&#038;p=16885"},"modified":"2026-04-14T15:46:14","modified_gmt":"2026-04-14T15:46:14","slug":"bureau-de-direction-gatineau","status":"publish","type":"product","link":"https:\/\/www.univers-deal.ma\/?product=bureau-de-direction-gatineau","title":{"rendered":"Bureau de direction gatineau"},"content":{"rendered":"","protected":false},"excerpt":{"rendered":"<p>Bureau compos\u00e9 d\u2019un plan principal avec retour, incluant un plateau et deux pieds d\u2019une \u00e9paisseur de 38 mm. Profondeur : 800 mm | Hauteur : 740 mm, id\u00e9al pour un espace de travail confortable. Les pi\u00e8tements sont r\u00e9alis\u00e9s en panneaux de particules de 38 mm, avec un voile de fond en 19 mm pour plus de solidit\u00e9. Tous les chants visibles sont prot\u00e9g\u00e9s par un PVC de 0,8 mm, assurant r\u00e9sistance et finition soign\u00e9e<\/p>\n","protected":false},"featured_media":16874,"comment_status":"open","ping_status":"closed","template":"","meta":{"_acf_changed":false},"product_brand":[],"product_cat":[315,316,258],"product_tag":[],"class_list":{"0":"post-16885","1":"product","2":"type-product","3":"status-publish","4":"has-post-thumbnail","6":"product_cat-bureau-direction","7":"product_cat-mobilier-de-bureau","8":"product_cat-univers-de-materiel-et-mobilier-de-bureau","10":"first","11":"instock","12":"sale","13":"shipping-taxable","14":"purchasable","15":"product-type-variable"},"acf":[],"_links":{"self":[{"href":"https:\/\/www.univers-deal.ma\/index.php?rest_route=\/wp\/v2\/product\/16885","targetHints":{"allow":["GET"]}}],"collection":[{"href":"https:\/\/www.univers-deal.ma\/index.php?rest_route=\/wp\/v2\/product"}],"about":[{"href":"https:\/\/www.univers-deal.ma\/index.php?rest_route=\/wp\/v2\/types\/product"}],"replies":[{"embeddable":true,"href":"https:\/\/www.univers-deal.ma\/index.php?rest_route=%2Fwp%2Fv2%2Fcomments&post=16885"}],"wp:featuredmedia":[{"embeddable":true,"href":"https:\/\/www.univers-deal.ma\/index.php?rest_route=\/wp\/v2\/media\/16874"}],"wp:attachment":[{"href":"https:\/\/www.univers-deal.ma\/index.php?rest_route=%2Fwp%2Fv2%2Fmedia&parent=16885"}],"wp:term":[{"taxonomy":"product_brand","embeddable":true,"href":"https:\/\/www.univers-deal.ma\/index.php?rest_route=%2Fwp%2Fv2%2Fproduct_brand&post=16885"},{"taxonomy":"product_cat","embeddable":true,"href":"https:\/\/www.univers-deal.ma\/index.php?rest_route=%2Fwp%2Fv2%2Fproduct_cat&post=16885"},{"taxonomy":"product_tag","embeddable":true,"href":"https:\/\/www.univers-deal.ma\/index.php?rest_route=%2Fwp%2Fv2%2Fproduct_tag&post=16885"}],"curies":[{"name":"wp","href":"https:\/\/api.w.org\/{rel}","templated":true}]}}