{"id":16939,"date":"2026-04-15T12:12:53","date_gmt":"2026-04-15T12:12:53","guid":{"rendered":"https:\/\/www.univers-deal.ma\/?post_type=product&#038;p=16939"},"modified":"2026-04-15T12:17:26","modified_gmt":"2026-04-15T12:17:26","slug":"bureau-classique-semi-metallique","status":"publish","type":"product","link":"https:\/\/www.univers-deal.ma\/?product=bureau-classique-semi-metallique","title":{"rendered":"Bureau classique semi m\u00e9tallique"},"content":{"rendered":"","protected":false},"excerpt":{"rendered":"<p><strong data-start=\"55\" data-end=\"91\">Bureau classique semi-m\u00e9tallique<\/strong> robuste et fonctionnel (160 ou 120 x 80 x 75 cm). Plateau en panneaux haute densit\u00e9 avec rev\u00eatement m\u00e9lamin\u00e9 r\u00e9sistant (\u00e9paisseur 36 mm) et chants ABS antichocs. Structure m\u00e9tallique solide (tube 40&#215;40 mm, finition \u00e9poxy) avec pieds r\u00e9glables. \u00c9quip\u00e9 de 2 passe-c\u00e2bles en aluminium. Caisson fixe \u00e0 3 tiroirs avec fermeture centralis\u00e9e et cl\u00e9s. Voiles en MDF \u00e9paisseur 19 mm. Id\u00e9al pour un usage professionnel durable.<\/p>\n","protected":false},"featured_media":16943,"comment_status":"open","ping_status":"closed","template":"","meta":{"_acf_changed":false},"product_brand":[],"product_cat":[315,316,258],"product_tag":[],"class_list":{"0":"post-16939","1":"product","2":"type-product","3":"status-publish","4":"has-post-thumbnail","6":"product_cat-bureau-direction","7":"product_cat-mobilier-de-bureau","8":"product_cat-univers-de-materiel-et-mobilier-de-bureau","10":"first","11":"instock","12":"sale","13":"shipping-taxable","14":"purchasable","15":"product-type-variable"},"acf":[],"_links":{"self":[{"href":"https:\/\/www.univers-deal.ma\/index.php?rest_route=\/wp\/v2\/product\/16939","targetHints":{"allow":["GET"]}}],"collection":[{"href":"https:\/\/www.univers-deal.ma\/index.php?rest_route=\/wp\/v2\/product"}],"about":[{"href":"https:\/\/www.univers-deal.ma\/index.php?rest_route=\/wp\/v2\/types\/product"}],"replies":[{"embeddable":true,"href":"https:\/\/www.univers-deal.ma\/index.php?rest_route=%2Fwp%2Fv2%2Fcomments&post=16939"}],"wp:featuredmedia":[{"embeddable":true,"href":"https:\/\/www.univers-deal.ma\/index.php?rest_route=\/wp\/v2\/media\/16943"}],"wp:attachment":[{"href":"https:\/\/www.univers-deal.ma\/index.php?rest_route=%2Fwp%2Fv2%2Fmedia&parent=16939"}],"wp:term":[{"taxonomy":"product_brand","embeddable":true,"href":"https:\/\/www.univers-deal.ma\/index.php?rest_route=%2Fwp%2Fv2%2Fproduct_brand&post=16939"},{"taxonomy":"product_cat","embeddable":true,"href":"https:\/\/www.univers-deal.ma\/index.php?rest_route=%2Fwp%2Fv2%2Fproduct_cat&post=16939"},{"taxonomy":"product_tag","embeddable":true,"href":"https:\/\/www.univers-deal.ma\/index.php?rest_route=%2Fwp%2Fv2%2Fproduct_tag&post=16939"}],"curies":[{"name":"wp","href":"https:\/\/api.w.org\/{rel}","templated":true}]}}