{"id":17099,"date":"2026-04-23T11:19:22","date_gmt":"2026-04-23T11:19:22","guid":{"rendered":"https:\/\/www.univers-deal.ma\/?post_type=product&#038;p=17099"},"modified":"2026-04-24T09:21:56","modified_gmt":"2026-04-24T09:21:56","slug":"ordinateur-portable-dell-15-dc15250-dc15250-i5-ubu","status":"publish","type":"product","link":"https:\/\/www.univers-deal.ma\/?product=ordinateur-portable-dell-15-dc15250-dc15250-i5-ubu","title":{"rendered":"Ordinateur portable Dell 15 DC15250 (DC15250-I5-UBU)"},"content":{"rendered":"","protected":false},"excerpt":{"rendered":"<p>Intel\u00ae Core&#x2122; i5-1334U de 13\u1d49 g\u00e9n\u00e9ration, 10 c\u0153urs<br \/>\nRAM: 8 Go de m\u00e9moire DDR4<br \/>\nDisque dur: 512 GB SSD<br \/>\n\u00c9cran: 15.6&#8243; FHD (1920 x 1080)<br \/>\nCarte graphique: Intel\u00ae UHD<br \/>\nFreeDOS (Sans Windows)<br \/>\n<a href=\"https:\/\/www.iris.ma\/21-clavier\">Clavier<\/a>: Fran\u00e7ais (AZERTY)<br \/>\nPoids: 1,90 kg<\/p>\n","protected":false},"featured_media":17102,"comment_status":"open","ping_status":"closed","template":"","meta":{"_acf_changed":false},"product_brand":[251],"product_cat":[250,300],"product_tag":[],"class_list":{"0":"post-17099","1":"product","2":"type-product","3":"status-publish","4":"has-post-thumbnail","6":"product_brand-lenovo","7":"product_cat-ordinateur-portable","8":"product_cat-pc-portable-particulier","10":"first","11":"instock","12":"sale","13":"shipping-taxable","14":"purchasable","15":"product-type-simple"},"acf":[],"_links":{"self":[{"href":"https:\/\/www.univers-deal.ma\/index.php?rest_route=\/wp\/v2\/product\/17099","targetHints":{"allow":["GET"]}}],"collection":[{"href":"https:\/\/www.univers-deal.ma\/index.php?rest_route=\/wp\/v2\/product"}],"about":[{"href":"https:\/\/www.univers-deal.ma\/index.php?rest_route=\/wp\/v2\/types\/product"}],"replies":[{"embeddable":true,"href":"https:\/\/www.univers-deal.ma\/index.php?rest_route=%2Fwp%2Fv2%2Fcomments&post=17099"}],"wp:featuredmedia":[{"embeddable":true,"href":"https:\/\/www.univers-deal.ma\/index.php?rest_route=\/wp\/v2\/media\/17102"}],"wp:attachment":[{"href":"https:\/\/www.univers-deal.ma\/index.php?rest_route=%2Fwp%2Fv2%2Fmedia&parent=17099"}],"wp:term":[{"taxonomy":"product_brand","embeddable":true,"href":"https:\/\/www.univers-deal.ma\/index.php?rest_route=%2Fwp%2Fv2%2Fproduct_brand&post=17099"},{"taxonomy":"product_cat","embeddable":true,"href":"https:\/\/www.univers-deal.ma\/index.php?rest_route=%2Fwp%2Fv2%2Fproduct_cat&post=17099"},{"taxonomy":"product_tag","embeddable":true,"href":"https:\/\/www.univers-deal.ma\/index.php?rest_route=%2Fwp%2Fv2%2Fproduct_tag&post=17099"}],"curies":[{"name":"wp","href":"https:\/\/api.w.org\/{rel}","templated":true}]}}