{"id":17106,"date":"2026-04-24T09:21:48","date_gmt":"2026-04-24T09:21:48","guid":{"rendered":"https:\/\/www.univers-deal.ma\/?post_type=product&#038;p=17106"},"modified":"2026-04-24T09:21:48","modified_gmt":"2026-04-24T09:21:48","slug":"ordinateur-portable-hp-15-fd1071nk","status":"publish","type":"product","link":"https:\/\/www.univers-deal.ma\/?product=ordinateur-portable-hp-15-fd1071nk","title":{"rendered":"Ordinateur portable HP 15-fd1071nk"},"content":{"rendered":"","protected":false},"excerpt":{"rendered":"<p>Intel\u00ae Core&#x2122; Ultra 5 125H; AI Boost (11 NPU MAX) (jusqu\u2019\u00e0 4,5 GHz avec la technologie Intel\u00ae Turbo Boost, 18 Mo de m\u00e9moire cache L3, 14 c\u0153urs, 18 threads)<br \/>\nRAM: 16 Go de m\u00e9moire DDR5-5600 MT\/s (2 x 8 Go)<br \/>\nDisque dur: SSD PCIe\u00ae NVMe&#x2122; M.2 512 Go<br \/>\n\u00c9cran: Full HD de 39,6 cm (15,6 pouces) (1920 x 1080),\u00a0<a href=\"https:\/\/www.iris.ma\/catalogue\/ecran-pc-ips\">IPS<\/a>, micro-bords, antireflet, 300 nits, 62,5 % sRGB<br \/>\nCarte graphique: Intel\u00ae Arc&#x2122;<br \/>\nWindows 11 \u00c9dition Familiale unilingue<br \/>\nClavier: De taille standard gris clair avec pav\u00e9 num\u00e9rique, Fran\u00e7ais (AZERTY)<br \/>\nPoids: 1,59 kg<\/p>\n","protected":false},"featured_media":17108,"comment_status":"open","ping_status":"closed","template":"","meta":{"_acf_changed":false},"product_brand":[246],"product_cat":[250,300],"product_tag":[],"class_list":{"0":"post-17106","1":"product","2":"type-product","3":"status-publish","4":"has-post-thumbnail","6":"product_brand-hp","7":"product_cat-ordinateur-portable","8":"product_cat-pc-portable-particulier","10":"first","11":"instock","12":"sale","13":"shipping-taxable","14":"purchasable","15":"product-type-simple"},"acf":[],"_links":{"self":[{"href":"https:\/\/www.univers-deal.ma\/index.php?rest_route=\/wp\/v2\/product\/17106","targetHints":{"allow":["GET"]}}],"collection":[{"href":"https:\/\/www.univers-deal.ma\/index.php?rest_route=\/wp\/v2\/product"}],"about":[{"href":"https:\/\/www.univers-deal.ma\/index.php?rest_route=\/wp\/v2\/types\/product"}],"replies":[{"embeddable":true,"href":"https:\/\/www.univers-deal.ma\/index.php?rest_route=%2Fwp%2Fv2%2Fcomments&post=17106"}],"wp:featuredmedia":[{"embeddable":true,"href":"https:\/\/www.univers-deal.ma\/index.php?rest_route=\/wp\/v2\/media\/17108"}],"wp:attachment":[{"href":"https:\/\/www.univers-deal.ma\/index.php?rest_route=%2Fwp%2Fv2%2Fmedia&parent=17106"}],"wp:term":[{"taxonomy":"product_brand","embeddable":true,"href":"https:\/\/www.univers-deal.ma\/index.php?rest_route=%2Fwp%2Fv2%2Fproduct_brand&post=17106"},{"taxonomy":"product_cat","embeddable":true,"href":"https:\/\/www.univers-deal.ma\/index.php?rest_route=%2Fwp%2Fv2%2Fproduct_cat&post=17106"},{"taxonomy":"product_tag","embeddable":true,"href":"https:\/\/www.univers-deal.ma\/index.php?rest_route=%2Fwp%2Fv2%2Fproduct_tag&post=17106"}],"curies":[{"name":"wp","href":"https:\/\/api.w.org\/{rel}","templated":true}]}}