{"id":17112,"date":"2026-04-24T10:14:44","date_gmt":"2026-04-24T10:14:44","guid":{"rendered":"https:\/\/www.univers-deal.ma\/?post_type=product&#038;p=17112"},"modified":"2026-04-24T10:14:45","modified_gmt":"2026-04-24T10:14:45","slug":"ordinateur-portable-hp-elitebook-860-g11","status":"publish","type":"product","link":"https:\/\/www.univers-deal.ma\/?product=ordinateur-portable-hp-elitebook-860-g11","title":{"rendered":"Ordinateur portable HP EliteBook 860 G11"},"content":{"rendered":"","protected":false},"excerpt":{"rendered":"<p>Intel\u00ae Core&#x2122; Ultra 7 155U (jusqu\u2019\u00e0 4,8 GHz avec la technologie Intel\u00ae Turbo Boost, 12 Mo de m\u00e9moire cache L3, 12 c\u0153urs, 14 threads)<br \/>\nRAM: 8 Go de m\u00e9moire DDR5-5600 MHz (1 x 8 Go)<br \/>\nDisque dur: SSD PCIe\u00ae NVMe&#x2122; M.2 256 Go<br \/>\n\u00c9cran: 16&#8243; diagonal, WUXGA (1920 x 1200), IPS, anti-glare, 400 nits, 100% sRGB [15,16,17,18,19]<br \/>\nCarte graphique: graphique Intel\u00ae<br \/>\nWindows 11 Professionnel<br \/>\nClavier:\u00a0<a href=\"https:\/\/www.iris.ma\/1_hp\">HP<\/a>\u00a0Premium \u2013 avec pav\u00e9 num\u00e9rique, r\u00e9tro\u00e9clair\u00e9, \u00e9tanche, Fran\u00e7ais (AZERTY)<br \/>\nPoids: \u00c0 partir de 1,72 kg<\/p>\n","protected":false},"featured_media":17113,"comment_status":"open","ping_status":"closed","template":"","meta":{"_acf_changed":false},"product_brand":[246],"product_cat":[250,300],"product_tag":[],"class_list":{"0":"post-17112","1":"product","2":"type-product","3":"status-publish","4":"has-post-thumbnail","6":"product_brand-hp","7":"product_cat-ordinateur-portable","8":"product_cat-pc-portable-particulier","10":"first","11":"instock","12":"sale","13":"shipping-taxable","14":"purchasable","15":"product-type-simple"},"acf":[],"_links":{"self":[{"href":"https:\/\/www.univers-deal.ma\/index.php?rest_route=\/wp\/v2\/product\/17112","targetHints":{"allow":["GET"]}}],"collection":[{"href":"https:\/\/www.univers-deal.ma\/index.php?rest_route=\/wp\/v2\/product"}],"about":[{"href":"https:\/\/www.univers-deal.ma\/index.php?rest_route=\/wp\/v2\/types\/product"}],"replies":[{"embeddable":true,"href":"https:\/\/www.univers-deal.ma\/index.php?rest_route=%2Fwp%2Fv2%2Fcomments&post=17112"}],"wp:featuredmedia":[{"embeddable":true,"href":"https:\/\/www.univers-deal.ma\/index.php?rest_route=\/wp\/v2\/media\/17113"}],"wp:attachment":[{"href":"https:\/\/www.univers-deal.ma\/index.php?rest_route=%2Fwp%2Fv2%2Fmedia&parent=17112"}],"wp:term":[{"taxonomy":"product_brand","embeddable":true,"href":"https:\/\/www.univers-deal.ma\/index.php?rest_route=%2Fwp%2Fv2%2Fproduct_brand&post=17112"},{"taxonomy":"product_cat","embeddable":true,"href":"https:\/\/www.univers-deal.ma\/index.php?rest_route=%2Fwp%2Fv2%2Fproduct_cat&post=17112"},{"taxonomy":"product_tag","embeddable":true,"href":"https:\/\/www.univers-deal.ma\/index.php?rest_route=%2Fwp%2Fv2%2Fproduct_tag&post=17112"}],"curies":[{"name":"wp","href":"https:\/\/api.w.org\/{rel}","templated":true}]}}